{"id":181,"date":"2022-11-28T20:15:38","date_gmt":"2022-11-28T20:15:38","guid":{"rendered":"https:\/\/lagloria1908.com\/?page_id=181"},"modified":"2022-11-29T11:36:34","modified_gmt":"2022-11-29T11:36:34","slug":"aviso-legal","status":"publish","type":"page","link":"https:\/\/lagloria1908.com\/index.php\/aviso-legal\/","title":{"rendered":"Aviso Legal"},"content":{"rendered":"<div class=\"post-content\">\n<h1 class=\"fusion-responsive-typography-calculated\" data-fontsize=\"100\" data-lineheight=\"90px\">Aviso Legal<\/h1>\n<p>Dip77,SL pone en conocimiento y a disposici\u00f3n de todos los usuarios de la p\u00e1gina <a href=\"https:\/\/www.lagloria1908.com\">www.lagloria1908.com<\/a> (En adelante WEB) la legislaci\u00f3n vigente en materia de protecci\u00f3n de datos de car\u00e1cter personal, privacidad de los usuarios y de secreto y seguridad de los datos personales.<\/p>\n<p>Dip77,SL garantiza en todo momento el \u00edntegro y pleno cumplimiento de las obligaciones prevenidas en <strong>el Reglamento (UE) 2016\/679 del Parlamento Europeo y del Consejo de 27 de abril de 2016 relativo a la protecci\u00f3n de las personas f\u00edsicas en lo que respecta al tratamiento de datos personales y a la libre circulaci\u00f3n de estos datos<\/strong>, por el que se deroga la Directiva 95\/46\/CE; por la <strong>Ley Org\u00e1nica 3\/2018, de 5 de diciembre, de protecci\u00f3n de datos personales y garant\u00eda de los derechos digitales<\/strong>, por la que se deroga la Ley Org\u00e1nica 15\/1999, de 13 de diciembre, de Protecci\u00f3n de Dato Personales; y por la <strong>Ley 34\/2002, de 11 de julio, de Servicios de la Sociedad de la Informaci\u00f3n y de Comercio Electr\u00f3nico<\/strong><strong> (LSSI).<\/strong><\/p>\n<p>Para ello se adoptan las medidas de \u00edndole t\u00e9cnica y organizativa necesarias para garantizar la seguridad de los datos de car\u00e1cter personal y para evitar su alteraci\u00f3n, p\u00e9rdida, tratamiento o acceso no autorizado, habida cuenta del estado de la tecnolog\u00eda, la naturaleza de los datos y los riesgos a los que est\u00e1n expuestos. En esta pol\u00edtica se describe el tipo de informaci\u00f3n que recopilamos, c\u00f3mo se utiliza y c\u00f3mo se comparte.<\/p>\n<h4 class=\"fusion-responsive-typography-calculated\" data-fontsize=\"31\" data-lineheight=\"40.3px\">IDENTIDAD DEL RESPONSABLE DEL TRATAMIENTO DE DATOS<\/h4>\n<p>La presente Pol\u00edtica de Privacidad describe Dip77,SL como compa\u00f1\u00eda espa\u00f1ola, titularidad de PENTABRAND,S.L. (En adelante el TITULAR) con nombre comercial Dip77,SL, domicilio social en Avd. Carlos III, 513 4720 AGUADULCE (ALMERIA), con CIF B04499968, tel\u00e9fono +34 950 329 790 y correo electr\u00f3nico pacolin@dip77.com, recoge, procesa y utiliza la informaci\u00f3n personal de sus usuarios.<\/p>\n<p>La Pol\u00edtica de Privacidad se aplica a toda la informaci\u00f3n que recopilamos a trav\u00e9s de la WEB, mediante comunicaciones electr\u00f3nicas y cualquier otro servicio an\u00e1logo que se active para facilitar y mejorar la experiencia de nuestros usuarios.<\/p>\n<h4 class=\"fusion-responsive-typography-calculated\" data-fontsize=\"31\" data-lineheight=\"40.3px\">\u00bfQU\u00c9 INFORMACI\u00d3N TRATAMOS DE NUESTROS USUARIOS?<\/h4>\n<p>En el momento que interact\u00fae o haga uso de la WEB podemos recabar diferentes datos personales. En cuanto utilice el formulario de contacto, identificada como <u>\u201c\u00bfPuedo ayudarte en algo?<\/u>\u201d, trataremos la informaci\u00f3n que se contiene los campos obligatorios: nombre, tel\u00e9fono y correo electr\u00f3nico; todos los datos personales que introduzca y nos proporcione; as\u00ed como el IP y navegador usado. En definitiva, toda aquella informaci\u00f3n que nos traslade personalmente, o a trav\u00e9s de su navegador y de su perfil social. Dicha informaci\u00f3n no es inamovible, sino que la podr\u00e1 la modificar de la forma que considere oportuna.<\/p>\n<p>Otro cauce de obtenci\u00f3n de informaci\u00f3n es a trav\u00e9s de las Cookies, mediante las cuales podemos conocer su localizaci\u00f3n, el tipo de navegador utilizado, el sistema operativo y la configuraci\u00f3n de navegaci\u00f3n de la WEB. Nos permiten conocer c\u00f3mo, cu\u00e1ndo y d\u00f3nde hace uso de nuestra p\u00e1gina. Para m\u00e1s informaci\u00f3n, visite nuestra Pol\u00edtica de Cookies.<\/p>\n<p>De conformidad con el Reglamento de la UE sobre protecci\u00f3n de datos, todos los datos que usted facilite a trav\u00e9s de la WEB, como consecuencia de su navegaci\u00f3n, solicitud, publicaci\u00f3n, b\u00fasquedas y los datos identificativos derivados, en su caso, de la vinculaci\u00f3n de su registro en nuestra P\u00e1gina Web, ser\u00e1n recogidos en un fichero cuyo responsable es Dip77,SL.<\/p>\n<p>Luego, le informamos que Dip77,SL obtendr\u00e1 y utilizar\u00e1 los datos de la IP y dem\u00e1s identificadores proporcionados por el dispositivo desde el que navegue por nuestra WEB, para un correcto funcionamiento de las herramientas de la misma, quedando los datos incorporados en el citado fichero titularidad de Dip77,SL, como \u201cDatos de Car\u00e1cter Personal\u201d.<\/p>\n<h4 class=\"fusion-responsive-typography-calculated\" data-fontsize=\"31\" data-lineheight=\"40.3px\">\u00bfPOR QU\u00c9 MEDIOS OBTENEMOS INFORMACI\u00d3N PERSONAL? \u00bfQU\u00c9 TIPO DE INFORMACI\u00d3N TRATAMOS?<\/h4>\n<p>Con el fin de suministrarle una informaci\u00f3n transparente, seguidamente se detallar\u00e1n los medios a trav\u00e9s de los cuales podemos obtener informaci\u00f3n:<\/p>\n<ol>\n<li>Cuando visita la WEB, obtenemos informaci\u00f3n, a trav\u00e9s de las cookies y otros programas de almacenamiento de datos, que nos permite conocer sus intereses y necesidades en su condici\u00f3n de usuario.<\/li>\n<li>Tambi\u00e9n cuando interact\u00fae por la WEB o enlace a nuestros portales a trav\u00e9s de otras herramientas o redes sociales, blog u otras p\u00e1ginas an\u00e1logas.<\/li>\n<li>Cuando utilice alguno de nuestros servicios de comunicaci\u00f3n electr\u00f3nica, nos remita un correo electr\u00f3nico o utilice nuestros servicios de mensajer\u00eda (\u201c\u00bf<u>Puedo ayudarte en algo<\/u>?\u201d).<\/li>\n<li>En alg\u00fan caso, cuando, se ponga en contacto con nosotros mediante los servicios de atenci\u00f3n telef\u00f3nica al usuario.<\/li>\n<\/ol>\n<p>Pasamos a desglosar de forma espec\u00edfica cu\u00e1l es la informaci\u00f3n que puede ser objeto de obtenci\u00f3n y tratamiento por parte de Dip77,SL<strong>:<\/strong><\/p>\n<p><strong>A) Informaci\u00f3n t\u00e9cnica:<\/strong><\/p>\n<p>Dentro de esta categor\u00eda, se incluye toda la informaci\u00f3n acerca de su dispositivo y conexi\u00f3n Internet: el sistema operativo que utiliza, la versi\u00f3n de su navegador, la direcci\u00f3n IP, las cookies y dem\u00e1s identificadores. Todo ello se almacena mediante herramientas de registro, con el \u00fanico fin de mejorar nuestros servicios en base al conjunto de los usuarios (intereses y necesidades), en aras de garantizar un servicio efectivo y lo m\u00e1s ajustado posible.<\/p>\n<p><strong>B) informaci\u00f3n de uso:<\/strong><\/p>\n<p>Contiene toda la informaci\u00f3n relativa al uso que los usuarios hagan de nuestros servicios, lo que incluye: actividad en la red, visitas a nuestros portales y enlaces, a los efectos de prevenir el fraude y proporcionar una atenci\u00f3n personalizada (recomendaciones y publicidad, previa autorizaci\u00f3n) de cada usuario.<\/p>\n<p><strong>C) Informaci\u00f3n de ubicaci\u00f3n: <\/strong><\/p>\n<p>A trav\u00e9s de su direcci\u00f3n IP, tenemos la posibilidad de hacer una estimaci\u00f3n aproximada de su ubicaci\u00f3n, con el objetivo de mostrarle de forma indirecta (a trav\u00e9s de la WEB) contenido, ofertas o recomendaciones de su inter\u00e9s.<\/p>\n<p><strong>D) Informaci\u00f3n de almacenamiento:<\/strong><\/p>\n<p>Informaci\u00f3n que recaban las diversas tecnolog\u00edas que utilizamos para reconocerle como usuario de nuestra WEB, para que no tenga que rellenar todos los campos cada vez que pretenda solicitar o publicar un servicio. V\u00e9ase m\u00e1s informaci\u00f3n en la Pol\u00edtica de Cookies.<\/p>\n<p>Toda esta informaci\u00f3n, incluidos los datos personales proporcionados por el usuario, son utilizados por el titular de la WEB con los siguientes fines:<\/p>\n<ul>\n<li>Para la gesti\u00f3n y administraci\u00f3n de nuestros servicios.<\/li>\n<li>Conocer sus intereses y necesidades.<\/li>\n<li>Personalizar las herramientas y funcionalidades de la p\u00e1gina.<\/li>\n<li>Mejorar los servicios prestados.<\/li>\n<li>Garantizar el funcionamiento \u00f3ptimo de la WEB.<\/li>\n<li>Proporcionar, en caso de solicitud expresa del consumidor: ofertas, promociones y recomendaciones de car\u00e1cter personalizado y sobre productos individualizados.<\/li>\n<li>Atender a sus consultas, necesidades y solicitudes.<\/li>\n<li>Cumplir con nuestras obligaciones legales y evitar fraudes y usos inadecuados.<\/li>\n<li>Enviarle avisos t\u00e9cnicos, actualizaciones, alertas de seguridad y mensajes de soporte.<\/li>\n<\/ul>\n<p>En definitiva, sepa que toda la informaci\u00f3n arriba referenciada, nos sirve como soporte para atender de la forma m\u00e1s individual y eficaz las necesidades e intereses que detectamos a trav\u00e9s de vuestros movimientos en la WEB; para mejorar los servicios proporcionados; prestar una atenci\u00f3n eficaz; hacer un an\u00e1lisis de mercado y acotar todo ello a la legislaci\u00f3n vigente del momento.<\/p>\n<h4 class=\"fusion-responsive-typography-calculated\" data-fontsize=\"31\" data-lineheight=\"40.3px\">\u00bfC\u00d3MO FUNCIONA CADA TRATAMIENTO?<\/h4>\n<p>En este apartado se pretende hacer un an\u00e1lisis individual de cada tratamiento de la informaci\u00f3n. En este sentido:<\/p>\n<p><strong>A) Solicitar o interesarse por un servicio mediante el formulario de contacto, \u201c\u00bfPuedo ayudarte en algo?\u201d:<\/strong><\/p>\n<p>La WEB permite dos v\u00edas de contacto con el fin de interesarse por los servicios que presta Dip77,SL, solicitar un producto, iniciar un encargo, pedir informaci\u00f3n, etc. Estas v\u00edas son: el tel\u00e9fono de contacto que aparece en la parte derecha de la p\u00e1gina principal y el formulario de contacto \u201c\u00bfPuedo ayudarte en algo?\u201d.<\/p>\n<p>En el momento que acepte nuestra Pol\u00edtica de Privacidad, nos estar\u00e1 dando consentimiento para que podamos usar los datos personales que nos proporcione por cualquiera de los cauces de contacto, a los efectos descritos en el apartado anterior.<\/p>\n<p><strong>B) Prevenci\u00f3n de abusos y fraude:<\/strong><\/p>\n<p>Con la aceptaci\u00f3n de la Pol\u00edtica de Privacidad, nos estar\u00e1 prestando consentimiento para hacer uso de sus datos con el fin de evitar fraudes, usos indebidos y cualquier forma de abuso de los servicios que proporciona la WEB y pr\u00e1ctica contraria a las Condiciones Generales de Uso. Ejemplo de ello: actividades fraudulentas, ataques de denegaci\u00f3n de servicios, env\u00edo de spam.<\/p>\n<p><strong> C<\/strong><strong>) Datos de terceras personas: <\/strong><\/p>\n<p>Para el caso de que introduzca datos personales de una tercera persona deber\u00e1 informarle previamente sobre \u00e9sta situaci\u00f3n y de los extremos contenidos en nuestra Pol\u00edtica de Privacidad, haci\u00e9ndose usted responsable de cualquier tipo de incidencia que pueda surgir a causa de la omisi\u00f3n del deber de comunicaci\u00f3n.<\/p>\n<p><strong> D<\/strong><strong>) Edad m\u00ednima del usuario:<\/strong><\/p>\n<p>Solo puede utilizar nuestros servicios en caso de tener cumplida la mayor\u00eda de edad. De conformidad con los art\u00edculos 314 y 323 del C\u00f3digo Civil los menores de edad, salvo aquellos que hayan obtenido la emancipaci\u00f3n, no podr\u00e1n celebrar contratos y de hacerlo, \u00e9stos ser\u00edan radicalmente nulos, salvo autorizaci\u00f3n expresa de los padres o tutores legales.<\/p>\n<h4 class=\"fusion-responsive-typography-calculated\" data-fontsize=\"31\" data-lineheight=\"40.3px\">\u00bfCU\u00c1L ES EL PLAZO DE CONSERVACI\u00d3N DE LOS DATOS?<\/h4>\n<p>Sus datos ser\u00e1n conservados mientras dure la relaci\u00f3n contractual y comercial con nosotros; hasta que solicite su supresi\u00f3n; o durante el tiempo necesario para cumplir las obligaciones legales.<\/p>\n<p>El Titular informa que, como prestador de servicio de almacenamiento de datos y en virtud de lo establecido en la Ley 34\/2002 de 11 de julio de Servicios de la Sociedad de la Informaci\u00f3n y de Comercio Electr\u00f3nico (LSSI), retiene por un periodo m\u00e1ximo de 12 meses la informaci\u00f3n imprescindible para identificar el origen de los datos alojados y el momento en que se inici\u00f3 la prestaci\u00f3n del servicio. La retenci\u00f3n de estos datos no afecta al secreto de las comunicaciones y s\u00f3lo podr\u00e1n ser utilizados en el marco de una investigaci\u00f3n criminal o para la salvaguardia de la seguridad p\u00fablica, poni\u00e9ndose a disposici\u00f3n de los jueces y\/o tribunales o del Ministerio que as\u00ed los requiera. La comunicaci\u00f3n de datos a las Fuerzas y Cuerpos del Estado se har\u00e1 en virtud a lo dispuesto en la normativa sobre protecci\u00f3n de datos personales.<\/p>\n<h4 class=\"fusion-responsive-typography-calculated\" data-fontsize=\"31\" data-lineheight=\"40.3px\">\u00bfCU\u00c1L ES LA LEGITIMACI\u00d3N PARA EL TRATAMIENTO DE LOS DATOS?<\/h4>\n<p>La base legal para el tratamiento de tus datos radica en:<\/p>\n<p>La ejecuci\u00f3n de un contrato con Dip77,SL\u00a0en relaci\u00f3n con las siguientes finalidades: (i) servicio de mensajer\u00eda instant\u00e1nea; (ii) contacto telef\u00f3nico, (iii) gesti\u00f3n de nuestros servicios, incluyendo recordatorios, avisos t\u00e9cnicos, actualizaciones, alertas de seguridad y mensajes de soporte, entre otros.<\/p>\n<p>En el consentimiento del usuario en relaci\u00f3n con las finalidades 1 a 7 indicadas en el apartado anterior.<\/p>\n<p>El inter\u00e9s leg\u00edtimo del responsable del tratamiento para la finalidad 8, consiste en proteger a los usuarios de la WEB de abusos y fraudes en el uso de nuestros servicios<\/p>\n<p>El cumplimiento de obligaciones legales aplicables para la finalidad indicada en la finalidad 9 es necesario para el cumplimiento de obligaciones legales.<\/p>\n<h4 class=\"fusion-responsive-typography-calculated\" data-fontsize=\"31\" data-lineheight=\"40.3px\">\u00bfQUI\u00c9NES SON LOS DESTINATARIOS?<\/h4>\n<p>Sus datos personales podr\u00e1n ser conocidos por aquellos proveedores que prestan servicios a Dip77,SL. Asimismo, podr\u00e1n ser cedidos a las autoridades competentes en los casos que exista una obligaci\u00f3n legal.<\/p>\n<h4 class=\"fusion-responsive-typography-calculated\" data-fontsize=\"31\" data-lineheight=\"40.3px\">\u00bfCU\u00c1LES SON SUS DERECHOS C\u00d3MO USUARIO Y COMO PUEDE EJERCERLOS?<\/h4>\n<p>En la condici\u00f3n de consumidor y usuario que ostenta, en cualquier momento, puede ejercer sus derechos. Estos son:<\/p>\n<p>Tiene derecho a obtener confirmaci\u00f3n sobre si en Dip77,SL\u00a0estamos tratando datos determinados personales que le conciernen.<\/p>\n<p>Asimismo, tiene derecho a acceder a sus datos personales, as\u00ed como a solicitar la rectificaci\u00f3n de los datos inexactos o, en su caso, solicitar su supresi\u00f3n cuando, entre otros motivos, los datos ya no sean necesarios para los fines que fueron recogidos.<\/p>\n<p>En determinadas circunstancias, podr\u00e1 solicitar la limitaci\u00f3n del tratamiento de sus datos, en cuyo caso \u00fanicamente los conservaremos para el ejercicio o la defensa de reclamaciones.<\/p>\n<p>Adicionalmente, en supuestos espec\u00edficos y por motivos relacionados con su situaci\u00f3n particular, podr\u00e1 oponerse al tratamiento de sus datos. Dip77,SL\u00a0dejar\u00e1 de tratar sus datos, salvo por motivos leg\u00edtimos imperiosos, o el ejercicio o la defensa de posibles reclamaciones.<\/p>\n<p>Igualmente, puede ejercer el derecho a la portabilidad de los datos, as\u00ed como retirar los consentimientos facilitados en cualquier momento, sin que ello afecte a la licitud del tratamiento basado en el consentimiento previo a su retirada.<\/p>\n<p>Si desea hacer uso de cualquiera de sus derechos puede dirigirse a nosotros mediante el correo electr\u00f3nico o n\u00famero de tel\u00e9fono, ambos indicados en el apartado n\u00famero 1 IDENTIDAD DEL RESPONSABLE. Alternativamente, tambi\u00e9n puede dirigirse a nosotros mediante correo postal en la direcci\u00f3n referida en el mismo apartado, indicando en el sobre \u201cPROTECCI\u00d3N DE DATOS\u201d. Recuerde facilitar la mayor informaci\u00f3n posible sobre su solicitud: nombre, apellidos, direcci\u00f3n de correo electr\u00f3nico y asunto.<\/p>\n<p>Por \u00faltimo, te informamos que puede dirigirse ante la Agencia Espa\u00f1ola de Protecci\u00f3n de Datos y dem\u00e1s organismos p\u00fablicos competentes para cualquier reclamaci\u00f3n derivada del tratamiento de tus datos personales.<\/p>\n<h4 class=\"fusion-responsive-typography-calculated\" data-fontsize=\"31\" data-lineheight=\"40.3px\">\u00bfCON QUI\u00c9N COMPARTIMOS SUS DATOS?<\/h4>\n<p>Garantizamos la confidencialidad de los datos de car\u00e1cter personal, sin perjuicio del derecho que nos reservamos para poder revelar datos y cualquier informaci\u00f3n que est\u00e9 en nuestro poder o tengamos acceso a trav\u00e9s de nuestros sistemas, a las autoridades p\u00fablicas competentes (administrativas y judiciales), de ser requeridos para ello, de conformidad con las disposiciones legales aplicables. La finalidad del presente requerimiento radica en la prevenci\u00f3n de abusos o actividades fraudulentas de los servicios o la WEB.<\/p>\n<h4 class=\"fusion-responsive-typography-calculated\" data-fontsize=\"31\" data-lineheight=\"40.3px\">\u00bfC\u00d3MO DEBE SER EL USO DE LOS DATOS? VERAZ Y RESPONSABLE:<\/h4>\n<p>Como consumidor y usuario tiene el deber de garantizar la calidad de la informaci\u00f3n solicitada y proporcionada, esto es, que la informaci\u00f3n sea real, veraz, actualizada y propia (no de terceras personas). Por tanto, es el \u00fanico responsable de la certeza y calidad de sus datos.<\/p>\n<p>Dip77,SL se reserva el derecho de verificar dicha informaci\u00f3n, pudiendo recurrir a documento oficial acreditativo y, en su caso, desactivar sus servicios de la WEB.<\/p>\n<p>Le informamos que cumplimos con nuestra obligaci\u00f3n, garantizando la seguridad y confidencialidad de los datos e informaci\u00f3n personal que el usuario nos remita, mediante medios t\u00e9cnicos para evitar su p\u00e9rdida, mal uso o su acceso sin autorizaci\u00f3n. Asimismo, asumimos el compromiso de avisarle de forma inmediata si alguno de dichos sucesos acaeciera.<\/p>\n<h4 class=\"fusion-responsive-typography-calculated\" data-fontsize=\"31\" data-lineheight=\"40.3px\">INFORMACI\u00d3N ADICIONAL:<\/h4>\n<p>En el caso de que se produzca cualquier violaci\u00f3n de seguridad de DATOS DE CAR\u00c1CTER PERSONAL c\u00f3mo, por ejemplo, el robo o acceso indebido a los mismos, se notificar\u00e1 a la Agencia Espa\u00f1ola de Protecci\u00f3n de Datos en t\u00e9rmino de 72 horas acerca de dichas violaciones de seguridad, incluyendo toda la informaci\u00f3n necesaria para el esclarecimiento de los hechos que hubieran dado lugar al acceso indebido a los datos personales.<\/p>\n<p>Se informa igualmente que los interesados podr\u00e1n dirigir sus reclamaciones de este \u00e1mbito a las Autoridades de protecci\u00f3n de datos, si consideran que hay un problema con la forma en la que se est\u00e1n manejando sus datos.<\/p>\n<h4 class=\"fusion-responsive-typography-calculated\" data-fontsize=\"31\" data-lineheight=\"40.3px\">COMUNICACIONES COMERCIALES<\/h4>\n<p>En aplicaci\u00f3n de la LSSI, Dip77,SL\u00a0no enviar\u00e1 comunicaciones publicitarias o promocionales por correo electr\u00f3nico u otro medio de comunicaci\u00f3n electr\u00f3nica equivalente que previamente no hubieran sido solicitadas o expresamente autorizadas por los destinatarios de las mismas.<\/p>\n<\/div>\n","protected":false},"excerpt":{"rendered":"<p>Aviso Legal Dip77,SL pone en conocimiento y a disposici\u00f3n de todos los usuarios de la p\u00e1gina www.lagloria1908.com (En adelante WEB) la legislaci\u00f3n vigente en materia de protecci\u00f3n de datos de car\u00e1cter personal, privacidad de los usuarios y de secreto y seguridad de los datos personales. Dip77,SL garantiza en todo momento el \u00edntegro y pleno cumplimiento&hellip;<\/p>\n","protected":false},"author":1,"featured_media":0,"parent":0,"menu_order":0,"comment_status":"closed","ping_status":"closed","template":"","meta":{"footnotes":""},"class_list":["post-181","page","type-page","status-publish","hentry","description-off"],"_links":{"self":[{"href":"https:\/\/lagloria1908.com\/index.php\/wp-json\/wp\/v2\/pages\/181","targetHints":{"allow":["GET"]}}],"collection":[{"href":"https:\/\/lagloria1908.com\/index.php\/wp-json\/wp\/v2\/pages"}],"about":[{"href":"https:\/\/lagloria1908.com\/index.php\/wp-json\/wp\/v2\/types\/page"}],"author":[{"embeddable":true,"href":"https:\/\/lagloria1908.com\/index.php\/wp-json\/wp\/v2\/users\/1"}],"replies":[{"embeddable":true,"href":"https:\/\/lagloria1908.com\/index.php\/wp-json\/wp\/v2\/comments?post=181"}],"version-history":[{"count":4,"href":"https:\/\/lagloria1908.com\/index.php\/wp-json\/wp\/v2\/pages\/181\/revisions"}],"predecessor-version":[{"id":228,"href":"https:\/\/lagloria1908.com\/index.php\/wp-json\/wp\/v2\/pages\/181\/revisions\/228"}],"wp:attachment":[{"href":"https:\/\/lagloria1908.com\/index.php\/wp-json\/wp\/v2\/media?parent=181"}],"curies":[{"name":"wp","href":"https:\/\/api.w.org\/{rel}","templated":true}]}}